{"id":15,"date":"2025-02-27T14:54:34","date_gmt":"2025-02-27T13:54:34","guid":{"rendered":"https:\/\/forfun12.com\/?page_id=15"},"modified":"2025-08-21T22:44:31","modified_gmt":"2025-08-21T20:44:31","slug":"page1-2","status":"publish","type":"page","link":"https:\/\/forfun12.com\/?page_id=15","title":{"rendered":"Couplet Introductif"},"content":{"rendered":"\t\t<div data-elementor-type=\"wp-page\" data-elementor-id=\"15\" class=\"elementor elementor-15\">\n\t\t\t\t<div class=\"elementor-element elementor-element-c0ba1a7 e-flex e-con-boxed e-con e-parent\" data-id=\"c0ba1a7\" data-element_type=\"container\" data-e-type=\"container\" data-settings=\"{&quot;shape_divider_top&quot;:&quot;split&quot;}\">\n\t\t\t\t\t<div class=\"e-con-inner\">\n\t\t\t\t<div class=\"elementor-shape elementor-shape-top\" aria-hidden=\"true\" data-negative=\"false\">\n\t\t\t<svg xmlns=\"http:\/\/www.w3.org\/2000\/svg\" viewBox=\"0 0 1000 20\" preserveAspectRatio=\"none\">\n\t<path class=\"elementor-shape-fill\" d=\"M0,0v3c0,0,393.8,0,483.4,0c9.2,0,16.6,7.4,16.6,16.6c0-9.1,7.4-16.6,16.6-16.6C606.2,3,1000,3,1000,3V0H0z\"\/>\n<\/svg>\t\t<\/div>\n\t\t\t\t\t<\/div>\n\t\t\t\t<\/div>\n\t\t<div class=\"elementor-element elementor-element-761f525 e-flex e-con-boxed e-con e-parent\" data-id=\"761f525\" data-element_type=\"container\" data-e-type=\"container\">\n\t\t\t\t\t<div class=\"e-con-inner\">\n\t\t<div class=\"elementor-element elementor-element-d3ffbcc e-con-full e-flex e-con e-child\" data-id=\"d3ffbcc\" data-element_type=\"container\" data-e-type=\"container\">\n\t\t\t\t<div class=\"elementor-element elementor-element-eb56388 elementor-align-center animated-slow elementor-invisible elementor-widget elementor-widget-button\" data-id=\"eb56388\" data-element_type=\"widget\" data-e-type=\"widget\" data-settings=\"{&quot;_animation&quot;:&quot;flash&quot;}\" data-widget_type=\"button.default\">\n\t\t\t\t<div class=\"elementor-widget-container\">\n\t\t\t\t\t\t\t\t\t<div class=\"elementor-button-wrapper\">\n\t\t\t\t\t<a class=\"elementor-button elementor-button-link elementor-size-sm\" href=\"https:\/\/forfun12.com\/?page_id=17\">\n\t\t\t\t\t\t<span class=\"elementor-button-content-wrapper\">\n\t\t\t\t\t\t<span class=\"elementor-button-icon\">\n\t\t\t\t<svg aria-hidden=\"true\" class=\"e-font-icon-svg e-far-hand-point-right\" viewBox=\"0 0 512 512\" xmlns=\"http:\/\/www.w3.org\/2000\/svg\"><path d=\"M428.8 137.6h-86.177a115.52 115.52 0 0 0 2.176-22.4c0-47.914-35.072-83.2-92-83.2-45.314 0-57.002 48.537-75.707 78.784-7.735 12.413-16.994 23.317-25.851 33.253l-.131.146-.129.148C135.662 161.807 127.764 168 120.8 168h-2.679c-5.747-4.952-13.536-8-22.12-8H32c-17.673 0-32 12.894-32 28.8v230.4C0 435.106 14.327 448 32 448h64c8.584 0 16.373-3.048 22.12-8h2.679c28.688 0 67.137 40 127.2 40h21.299c62.542 0 98.8-38.658 99.94-91.145 12.482-17.813 18.491-40.785 15.985-62.791A93.148 93.148 0 0 0 393.152 304H428.8c45.435 0 83.2-37.584 83.2-83.2 0-45.099-38.101-83.2-83.2-83.2zm0 118.4h-91.026c12.837 14.669 14.415 42.825-4.95 61.05 11.227 19.646 1.687 45.624-12.925 53.625 6.524 39.128-10.076 61.325-50.6 61.325H248c-45.491 0-77.21-35.913-120-39.676V215.571c25.239-2.964 42.966-21.222 59.075-39.596 11.275-12.65 21.725-25.3 30.799-39.875C232.355 112.712 244.006 80 252.8 80c23.375 0 44 8.8 44 35.2 0 35.2-26.4 53.075-26.4 70.4h158.4c18.425 0 35.2 16.5 35.2 35.2 0 18.975-16.225 35.2-35.2 35.2zM88 384c0 13.255-10.745 24-24 24s-24-10.745-24-24 10.745-24 24-24 24 10.745 24 24z\"><\/path><\/svg>\t\t\t<\/span>\n\t\t\t\t\t\t\t\t\t<span class=\"elementor-button-text\">Les Rubriques<\/span>\n\t\t\t\t\t<\/span>\n\t\t\t\t\t<\/a>\n\t\t\t\t<\/div>\n\t\t\t\t\t\t\t\t<\/div>\n\t\t\t\t<\/div>\n\t\t\t\t<\/div>\n\t\t\t\t\t<\/div>\n\t\t\t\t<\/div>\n\t\t<div class=\"elementor-element elementor-element-f4b8f9f e-flex e-con-boxed e-con e-parent\" data-id=\"f4b8f9f\" data-element_type=\"container\" data-e-type=\"container\">\n\t\t\t\t\t<div class=\"e-con-inner\">\n\t\t\t\t<div class=\"elementor-element elementor-element-2e267b7 elementor-widget elementor-widget-text-editor\" data-id=\"2e267b7\" data-element_type=\"widget\" data-e-type=\"widget\" data-widget_type=\"text-editor.default\">\n\t\t\t\t<div class=\"elementor-widget-container\">\n\t\t\t\t\t\t\t\t\t<p><span style=\"color: #800080;\">Couplet <strong>Introductif&#8230;<\/strong><\/span><\/p><p><span style=\"color: #ff0000;\"><span style=\"color: #008000;\">Ah oui, c&rsquo;est quasiment<\/span> le plus important&#8230;<\/span>,<\/p><p><span style=\"color: #800000;\">Comme tu le sais, <span style=\"color: #008080;\">forfun12<\/span>, n&rsquo;est pas ma v\u00e9ritable identit\u00e9, et apporter des r\u00e9ponses \u00e0 des rubriques pour le journal num\u00e9rique daydream forfun, alors que<span style=\"color: #ff0000;\"> je n&rsquo;y connais rien&#8230;<span style=\"color: #800000;\">me surprendra toujours et me semble \u00eatre tr\u00e8s fac\u00e9tieux<\/span><\/span>, donc surtout n&rsquo;oublie pas que je suis et reste un(e) pseudo journaliste amateur(e), na\u00efve, na\u00eff et candide, (imbib\u00e9(e) parfois avec un parfum d&rsquo;alcool et anim\u00e9(e) aussi par un manque certain d&rsquo;objectivit\u00e9), donc vraiment, tu v\u00e9rifies pour, et par toi m\u00eame, tout ce que tu lis sur ce site web,<\/span> <span style=\"color: #008000;\">en y confrontant plusieurs autres sources diff\u00e9rentes&#8230;et tu te fais ton propre avis&#8230;<\/span><\/p><p><span style=\"color: #993300;\"><span style=\"color: #800000;\">En plus, lorsque j&rsquo;accepte de participer au journal daydream forfun, je suis dans l&rsquo;entre deux, soit je vais bosser au smic et \u00e0 la cha\u00eene, dans des soci\u00e9t\u00e9s de services,\u00a0 et alors, cela sera purement alimentaire, mais objectivement aucune envie, soit je vais bosser pour les boites du Cac40, en tant que petit cadre dynamique, avec l&rsquo;odeur du burnout qui tra\u00eene, et les antid\u00e9presseurs \u00e0 partir de 50 ans,\u00a0 mais aucune envie non plus&#8230;, <span style=\"color: #008000;\">il me reste aussi d&rsquo;autres options&#8230;<\/span>dont une qui me pla\u00eet bien particuli\u00e8rement, prendre<\/span> <span style=\"color: #0000ff;\">un itin\u00e9raire bis&#8230;<\/span><\/span><\/p><p><span style=\"color: #800000;\">Journaliste d\u00e9butant(e), na\u00efve, na\u00eff, et candide, ayant un zeste d&rsquo;utopie,\u00a0 c&rsquo;est pas mal comme boulot, &#8230;ce n&rsquo;est pas du tout pay\u00e9 mais c&rsquo;est pour&#8230;<\/span><\/p><p><span style=\"color: #993300;\"><span style=\"color: #800000;\">Ben !!!, c&rsquo;est pour,&#8230;franchement pas d&rsquo;arguments pour l&rsquo;instant, mais bon, faut-il qu&rsquo;ils y en aient !!!, on dira que c&rsquo;est<\/span> <span style=\"color: #0000ff;\">p<span style=\"color: #ff6600;\">o<\/span><span style=\"color: #ff00ff;\">u<\/span><span style=\"color: #008000;\">r<\/span> <span style=\"color: #800000;\">l<\/span>e <span style=\"color: #800080;\">f<\/span><span style=\"color: #ff0000;\">u<\/span><span style=\"color: #ff6600;\">n<\/span>&#8230;<\/span><\/span><\/p><p><span style=\"color: #993300;\"><span style=\"color: #800000;\">Le journal num\u00e9rique daydream forfun m&rsquo;a confi\u00e9 plusieurs rubriques &#8230;<\/span> <\/span><\/p><p><span style=\"color: #800000;\">Et acqu\u00e9rir, <span style=\"color: #0000ff;\">au fil du temps,<\/span> de la nuance et de l\u2019esprit critique, afin de d\u00e9couvrir et mieux comprendre des univers inconnus, c\u2019est hyper m\u00e9ga cool, mais bon on n&rsquo;est pas press\u00e9,<span style=\"color: #ff0000;\"> le temps n&rsquo;a pas d&rsquo;importance&#8230;et je pense, n&rsquo;en a jamais eu finalement&#8230;<\/span><\/span><\/p><p><span style=\"color: #008000;\">De toute fa\u00e7on, d&rsquo;apr\u00e8s les derni\u00e8res nouvelles, un petit mouvement de mati\u00e8re, au alentour du 13,8&#8230;me va tr\u00e8s bien.<\/span><\/p><p><span style=\"color: #800000;\">Ah oui, cela serait bien de finir ce <span style=\"color: #800080;\">couplet introductif<\/span> par une citation, mais j\u2019h\u00e9site&#8230;<\/span><\/p><p><span style=\"color: #800080;\">Bon, j&rsquo;aime bien celle-ci pour l&rsquo;instant&#8230;<\/span><span style=\"color: #808000;\">Celui qui se perd dans sa passion est moins perdu que celui qui perd sa passion&#8230;<\/span><\/p><p><span style=\"color: #800000;\"><span style=\"color: #008000;\">Mais objectivement, tu viens \u00e0 l&rsquo;instant de lire dans mes pens\u00e9es, <\/span><\/span><span style=\"color: #800000;\"><span style=\"color: #0000ff;\">le plus important,&#8230;c&rsquo;est de s&rsquo;amuser&#8230;<\/span><\/span><\/p><p><span style=\"color: #008000;\">Et entre autres d&rsquo;essayer de r\u00e9soudre <em>en s&rsquo;amusant<\/em> <strong><span style=\"color: #ff0000;\">La Qu\u00eate :<\/span><\/strong><\/span> \u00ab\u00a0<span style=\"color: #ff6600;\">A la Recherche du Bout de la Nuit<\/span>\u00ab\u00a0<\/p>\t\t\t\t\t\t\t\t<\/div>\n\t\t\t\t<\/div>\n\t\t\t\t\t<\/div>\n\t\t\t\t<\/div>\n\t\t<div class=\"elementor-element elementor-element-544c723 e-flex e-con-boxed e-con e-parent\" data-id=\"544c723\" data-element_type=\"container\" data-e-type=\"container\">\n\t\t\t\t\t<div class=\"e-con-inner\">\n\t\t\t\t<div class=\"elementor-element elementor-element-b220fa9 elementor-align-center elementor-widget elementor-widget-button\" data-id=\"b220fa9\" data-element_type=\"widget\" data-e-type=\"widget\" data-settings=\"{&quot;_animation_mobile&quot;:&quot;flash&quot;}\" data-widget_type=\"button.default\">\n\t\t\t\t<div class=\"elementor-widget-container\">\n\t\t\t\t\t\t\t\t\t<div class=\"elementor-button-wrapper\">\n\t\t\t\t\t<a class=\"elementor-button elementor-button-link elementor-size-sm\" href=\"https:\/\/forfun12.com\/?page_id=17\">\n\t\t\t\t\t\t<span class=\"elementor-button-content-wrapper\">\n\t\t\t\t\t\t<span class=\"elementor-button-icon\">\n\t\t\t\t<svg aria-hidden=\"true\" class=\"e-font-icon-svg e-far-hand-point-right\" viewBox=\"0 0 512 512\" xmlns=\"http:\/\/www.w3.org\/2000\/svg\"><path d=\"M428.8 137.6h-86.177a115.52 115.52 0 0 0 2.176-22.4c0-47.914-35.072-83.2-92-83.2-45.314 0-57.002 48.537-75.707 78.784-7.735 12.413-16.994 23.317-25.851 33.253l-.131.146-.129.148C135.662 161.807 127.764 168 120.8 168h-2.679c-5.747-4.952-13.536-8-22.12-8H32c-17.673 0-32 12.894-32 28.8v230.4C0 435.106 14.327 448 32 448h64c8.584 0 16.373-3.048 22.12-8h2.679c28.688 0 67.137 40 127.2 40h21.299c62.542 0 98.8-38.658 99.94-91.145 12.482-17.813 18.491-40.785 15.985-62.791A93.148 93.148 0 0 0 393.152 304H428.8c45.435 0 83.2-37.584 83.2-83.2 0-45.099-38.101-83.2-83.2-83.2zm0 118.4h-91.026c12.837 14.669 14.415 42.825-4.95 61.05 11.227 19.646 1.687 45.624-12.925 53.625 6.524 39.128-10.076 61.325-50.6 61.325H248c-45.491 0-77.21-35.913-120-39.676V215.571c25.239-2.964 42.966-21.222 59.075-39.596 11.275-12.65 21.725-25.3 30.799-39.875C232.355 112.712 244.006 80 252.8 80c23.375 0 44 8.8 44 35.2 0 35.2-26.4 53.075-26.4 70.4h158.4c18.425 0 35.2 16.5 35.2 35.2 0 18.975-16.225 35.2-35.2 35.2zM88 384c0 13.255-10.745 24-24 24s-24-10.745-24-24 10.745-24 24-24 24 10.745 24 24z\"><\/path><\/svg>\t\t\t<\/span>\n\t\t\t\t\t\t\t\t\t<span class=\"elementor-button-text\">Les Rubriques<\/span>\n\t\t\t\t\t<\/span>\n\t\t\t\t\t<\/a>\n\t\t\t\t<\/div>\n\t\t\t\t\t\t\t\t<\/div>\n\t\t\t\t<\/div>\n\t\t\t\t\t<\/div>\n\t\t\t\t<\/div>\n\t\t<div class=\"elementor-element elementor-element-fb52d19 e-flex e-con-boxed e-con e-parent\" data-id=\"fb52d19\" data-element_type=\"container\" data-e-type=\"container\">\n\t\t\t\t\t<div class=\"e-con-inner\">\n\t\t\t\t<div class=\"elementor-element elementor-element-a5830db elementor-button-success elementor-mobile-align-justify elementor-align-center elementor-widget__width-inherit elementor-widget elementor-widget-button\" data-id=\"a5830db\" data-element_type=\"widget\" data-e-type=\"widget\" data-settings=\"{&quot;_animation&quot;:&quot;none&quot;,&quot;_animation_delay&quot;:1000,&quot;_animation_mobile&quot;:&quot;zoomInDown&quot;}\" data-widget_type=\"button.default\">\n\t\t\t\t<div class=\"elementor-widget-container\">\n\t\t\t\t\t\t\t\t\t<div class=\"elementor-button-wrapper\">\n\t\t\t\t\t<a class=\"elementor-button elementor-button-link elementor-size-sm\" href=\"https:\/\/forfun12.com\/?page_id=887\">\n\t\t\t\t\t\t<span class=\"elementor-button-content-wrapper\">\n\t\t\t\t\t\t\t\t\t<span class=\"elementor-button-text\">A la recherche du bout de la nuit<\/span>\n\t\t\t\t\t<\/span>\n\t\t\t\t\t<\/a>\n\t\t\t\t<\/div>\n\t\t\t\t\t\t\t\t<\/div>\n\t\t\t\t<\/div>\n\t\t\t\t\t<\/div>\n\t\t\t\t<\/div>\n\t\t\t\t<\/div>\n\t\t","protected":false},"excerpt":{"rendered":"<p>Les Rubriques Couplet Introductif&#8230; Ah oui, c&rsquo;est quasiment le plus important&#8230;, Comme tu le sais, forfun12, n&rsquo;est pas ma v\u00e9ritable identit\u00e9, et apporter des r\u00e9ponses \u00e0 des rubriques pour le journal num\u00e9rique daydream forfun, alors que je n&rsquo;y connais rien&#8230;me surprendra toujours et me semble \u00eatre tr\u00e8s fac\u00e9tieux, donc surtout n&rsquo;oublie pas que je suis [&hellip;]<\/p>\n","protected":false},"author":1,"featured_media":0,"parent":0,"menu_order":0,"comment_status":"closed","ping_status":"closed","template":"elementor_header_footer","meta":{"footnotes":""},"class_list":["post-15","page","type-page","status-publish","hentry"],"_links":{"self":[{"href":"https:\/\/forfun12.com\/index.php?rest_route=\/wp\/v2\/pages\/15","targetHints":{"allow":["GET"]}}],"collection":[{"href":"https:\/\/forfun12.com\/index.php?rest_route=\/wp\/v2\/pages"}],"about":[{"href":"https:\/\/forfun12.com\/index.php?rest_route=\/wp\/v2\/types\/page"}],"author":[{"embeddable":true,"href":"https:\/\/forfun12.com\/index.php?rest_route=\/wp\/v2\/users\/1"}],"replies":[{"embeddable":true,"href":"https:\/\/forfun12.com\/index.php?rest_route=%2Fwp%2Fv2%2Fcomments&post=15"}],"version-history":[{"count":311,"href":"https:\/\/forfun12.com\/index.php?rest_route=\/wp\/v2\/pages\/15\/revisions"}],"predecessor-version":[{"id":1070,"href":"https:\/\/forfun12.com\/index.php?rest_route=\/wp\/v2\/pages\/15\/revisions\/1070"}],"wp:attachment":[{"href":"https:\/\/forfun12.com\/index.php?rest_route=%2Fwp%2Fv2%2Fmedia&parent=15"}],"curies":[{"name":"wp","href":"https:\/\/api.w.org\/{rel}","templated":true}]}}