{"id":887,"date":"2025-08-21T15:19:14","date_gmt":"2025-08-21T13:19:14","guid":{"rendered":"https:\/\/forfun12.com\/?page_id=887"},"modified":"2025-08-21T22:34:17","modified_gmt":"2025-08-21T20:34:17","slug":"a-la-recherche-du-bout-de-la-nuit","status":"publish","type":"page","link":"https:\/\/forfun12.com\/?page_id=887","title":{"rendered":"A la Recherche du Bout de la Nuit"},"content":{"rendered":"\t\t<div data-elementor-type=\"wp-page\" data-elementor-id=\"887\" class=\"elementor elementor-887\">\n\t\t\t\t<div class=\"elementor-element elementor-element-90dcb54 e-flex e-con-boxed e-con e-parent\" data-id=\"90dcb54\" data-element_type=\"container\" data-e-type=\"container\">\n\t\t\t\t\t<div class=\"e-con-inner\">\n\t\t\t\t<div class=\"elementor-element elementor-element-941688f elementor-widget elementor-widget-heading\" data-id=\"941688f\" data-element_type=\"widget\" data-e-type=\"widget\" data-widget_type=\"heading.default\">\n\t\t\t\t<div class=\"elementor-widget-container\">\n\t\t\t\t\t<h2 class=\"elementor-heading-title elementor-size-default\">A la Recherche du Bout de la Nuit<\/h2>\t\t\t\t<\/div>\n\t\t\t\t<\/div>\n\t\t\t\t\t<\/div>\n\t\t\t\t<\/div>\n\t\t<div class=\"elementor-element elementor-element-bf8fa51 e-flex e-con-boxed e-con e-parent\" data-id=\"bf8fa51\" data-element_type=\"container\" data-e-type=\"container\" data-settings=\"{&quot;shape_divider_top&quot;:&quot;split&quot;}\">\n\t\t\t\t\t<div class=\"e-con-inner\">\n\t\t\t\t<div class=\"elementor-shape elementor-shape-top\" aria-hidden=\"true\" data-negative=\"false\">\n\t\t\t<svg xmlns=\"http:\/\/www.w3.org\/2000\/svg\" viewBox=\"0 0 1000 20\" preserveAspectRatio=\"none\">\n\t<path class=\"elementor-shape-fill\" d=\"M0,0v3c0,0,393.8,0,483.4,0c9.2,0,16.6,7.4,16.6,16.6c0-9.1,7.4-16.6,16.6-16.6C606.2,3,1000,3,1000,3V0H0z\"\/>\n<\/svg>\t\t<\/div>\n\t\t\t\t<div class=\"elementor-element elementor-element-f03b2c1 elementor-widget elementor-widget-spacer\" data-id=\"f03b2c1\" data-element_type=\"widget\" data-e-type=\"widget\" data-widget_type=\"spacer.default\">\n\t\t\t\t<div class=\"elementor-widget-container\">\n\t\t\t\t\t\t\t<div class=\"elementor-spacer\">\n\t\t\t<div class=\"elementor-spacer-inner\"><\/div>\n\t\t<\/div>\n\t\t\t\t\t\t<\/div>\n\t\t\t\t<\/div>\n\t\t\t\t\t<\/div>\n\t\t\t\t<\/div>\n\t\t<div class=\"elementor-element elementor-element-a551e33 e-flex e-con-boxed e-con e-parent\" data-id=\"a551e33\" data-element_type=\"container\" data-e-type=\"container\" data-settings=\"{&quot;shape_divider_top&quot;:&quot;split&quot;}\">\n\t\t\t\t\t<div class=\"e-con-inner\">\n\t\t\t\t<div class=\"elementor-shape elementor-shape-top\" aria-hidden=\"true\" data-negative=\"false\">\n\t\t\t<svg xmlns=\"http:\/\/www.w3.org\/2000\/svg\" viewBox=\"0 0 1000 20\" preserveAspectRatio=\"none\">\n\t<path class=\"elementor-shape-fill\" d=\"M0,0v3c0,0,393.8,0,483.4,0c9.2,0,16.6,7.4,16.6,16.6c0-9.1,7.4-16.6,16.6-16.6C606.2,3,1000,3,1000,3V0H0z\"\/>\n<\/svg>\t\t<\/div>\n\t\t\t\t<div class=\"elementor-element elementor-element-7a58722 elementor-widget elementor-widget-text-editor\" data-id=\"7a58722\" data-element_type=\"widget\" data-e-type=\"widget\" data-widget_type=\"text-editor.default\">\n\t\t\t\t<div class=\"elementor-widget-container\">\n\t\t\t\t\t\t\t\t\t<div class=\"elementor-element elementor-element-5f83593 e-flex e-con-boxed e-con e-parent e-lazyloaded animated headShake\" data-id=\"5f83593\" data-element_type=\"container\" data-settings=\"{&quot;animation&quot;:&quot;headShake&quot;}\"><div class=\"e-con-inner\" style=\"text-align: center;\"><div class=\"elementor-element elementor-element-f8ac677 elementor-widget elementor-widget-text-editor animated rollIn\" data-id=\"f8ac677\" data-element_type=\"widget\" data-settings=\"{&quot;_animation&quot;:&quot;rollIn&quot;}\" data-widget_type=\"text-editor.default\"><div class=\"elementor-widget-container\"><p><span style=\"color: #008000;\"><strong>\u00c7a a commenc\u00e9 comme cela\u2026<\/strong><\/span><\/p><\/div><\/div><\/div><\/div><div class=\"elementor-element elementor-element-58fddc8 e-flex e-con-boxed e-con e-parent e-lazyloaded\" data-id=\"58fddc8\" data-element_type=\"container\"><div class=\"e-con-inner\"><div class=\"elementor-element elementor-element-053ea0e elementor-widget elementor-widget-text-editor\" data-id=\"053ea0e\" data-element_type=\"widget\" data-widget_type=\"text-editor.default\"><div class=\"elementor-widget-container\"><p dir=\"ltr\"><span style=\"color: #339966;\"><strong>07\/08\/2022 <\/strong><\/span><span style=\"color: #0000ff;\">Il est environ 1h45 du matin ou plus exactement 2h moins le quart,\u00a0 nous sommes, droit dans nos bottes et c\u2019est essentiel, on vient de finir, un bon repas, tr\u00e8s cool, dans un tout petit logement, ambiance tr\u00e8s cool aussi, on vient de refaire le monde comme d\u2019habitude, avec nos pr\u00e9jug\u00e9s et notre manque d\u2019objectivit\u00e9. Personne n\u2019est d\u2019accord, comme d\u2019habitude\u2026<\/span><\/p><\/div><\/div><\/div><\/div><div class=\"elementor-element elementor-element-3c3fba1 e-flex e-con-boxed e-con e-parent e-lazyloaded\" data-id=\"3c3fba1\" data-element_type=\"container\"><div class=\"e-con-inner\"><div class=\"elementor-element elementor-element-3feec90 elementor-widget elementor-widget-text-editor\" data-id=\"3feec90\" data-element_type=\"widget\" data-widget_type=\"text-editor.default\"><div class=\"elementor-widget-container\"><p dir=\"ltr\"><span style=\"color: #0000ff;\"><span style=\"color: #339966;\"><strong>07\/08\/2022 (3h du matin)<\/strong><\/span> On est compl\u00e9tement bourr\u00e9,\u00a0 et c\u2019est d\u00e9cider, on va essayer de r\u00e9soudre la fameuse l\u00e9gende intergalactique \u00e9crite de fa\u00e7on myst\u00e9rieuse depuis le fin fond des temps, soit en fait, tout simplement, essayer de r\u00e9soudre\u00a0<\/span><\/p><p dir=\"ltr\"><strong><span style=\"color: #339966;\"><span style=\"color: #008000;\">The Mission ou plus exactement<\/span> <span style=\"color: #ff0000;\">La Qu\u00eate<\/span><\/span><\/strong><span style=\"color: #0000ff;\"><span style=\"color: #ff9900;\"><strong><span style=\"color: #008000;\"> intitul\u00e9e<\/span> \u00ab\u00a0<\/strong><\/span><strong><span style=\"color: #ff9900;\">A la Recherche du Bout de la Nuit\u00a0\u00bb<\/span><\/strong><\/span><\/p><\/div><\/div><\/div><\/div>\t\t\t\t\t\t\t\t<\/div>\n\t\t\t\t<\/div>\n\t\t\t\t\t<\/div>\n\t\t\t\t<\/div>\n\t\t\t\t<\/div>\n\t\t","protected":false},"excerpt":{"rendered":"<p>A la Recherche du Bout de la Nuit \u00c7a a commenc\u00e9 comme cela\u2026 07\/08\/2022 Il est environ 1h45 du matin ou plus exactement 2h moins le quart,\u00a0 nous sommes, droit dans nos bottes et c\u2019est essentiel, on vient de finir, un bon repas, tr\u00e8s cool, dans un tout petit logement, ambiance tr\u00e8s cool aussi, on [&hellip;]<\/p>\n","protected":false},"author":1,"featured_media":0,"parent":0,"menu_order":0,"comment_status":"closed","ping_status":"closed","template":"elementor_header_footer","meta":{"footnotes":""},"class_list":["post-887","page","type-page","status-publish","hentry"],"_links":{"self":[{"href":"https:\/\/forfun12.com\/index.php?rest_route=\/wp\/v2\/pages\/887","targetHints":{"allow":["GET"]}}],"collection":[{"href":"https:\/\/forfun12.com\/index.php?rest_route=\/wp\/v2\/pages"}],"about":[{"href":"https:\/\/forfun12.com\/index.php?rest_route=\/wp\/v2\/types\/page"}],"author":[{"embeddable":true,"href":"https:\/\/forfun12.com\/index.php?rest_route=\/wp\/v2\/users\/1"}],"replies":[{"embeddable":true,"href":"https:\/\/forfun12.com\/index.php?rest_route=%2Fwp%2Fv2%2Fcomments&post=887"}],"version-history":[{"count":52,"href":"https:\/\/forfun12.com\/index.php?rest_route=\/wp\/v2\/pages\/887\/revisions"}],"predecessor-version":[{"id":1046,"href":"https:\/\/forfun12.com\/index.php?rest_route=\/wp\/v2\/pages\/887\/revisions\/1046"}],"wp:attachment":[{"href":"https:\/\/forfun12.com\/index.php?rest_route=%2Fwp%2Fv2%2Fmedia&parent=887"}],"curies":[{"name":"wp","href":"https:\/\/api.w.org\/{rel}","templated":true}]}}